{"id":158,"date":"2019-03-07T19:52:57","date_gmt":"2019-03-07T18:52:57","guid":{"rendered":"http:\/\/lunatic.de\/WP-Lunatic\/?page_id=158"},"modified":"2020-04-21T13:17:16","modified_gmt":"2020-04-21T11:17:16","slug":"digitalisierung","status":"publish","type":"page","link":"http:\/\/lunatic.de\/WP-Lunatic\/digitalisierung\/","title":{"rendered":"3. Digitalisierung"},"content":{"rendered":"\n<p>Digitalisierung ist schon lange nicht mehr das Umwandeln analoger Werte in digitale Formate. Heute stellt sich vielmehr die oft existenzielle Frage, welche neue, disruptive Technologie ersetzt mein traditionelles Gesch\u00e4ftsmodell.<\/p>\n\n\n\n<p>Die Digitale Transformation treibt die durch ver\u00e4nderte Kundenerwartungen ausgel\u00f6sten Ver\u00e4nderungsprozesse innerhalb des Unternehmens. In diesem fortw\u00e4hrenden Wandlungsprozess liefert Lunatic den unverstellten Blick von Aussen auf Unternehmensprozesse, Dienstleistungen und Produkte.<\/p>\n\n\n\n<p>Lunatic hilft Ihnen Ihre Digitalisierungsstrategie zu optimieren.<\/p>\n","protected":false},"excerpt":{"rendered":"<p>Digitalisierung ist schon lange nicht mehr das Umwandeln analoger Werte in digitale Formate. Heute stellt sich vielmehr die oft existenzielle Frage, welche neue, disruptive Technologie ersetzt mein traditionelles Gesch\u00e4ftsmodell. Die Digitale Transformation treibt die durch ver\u00e4nderte Kundenerwartungen ausgel\u00f6sten Ver\u00e4nderungsprozesse innerhalb des Unternehmens. In diesem fortw\u00e4hrenden Wandlungsprozess liefert Lunatic den unverstellten Blick von Aussen auf Unternehmensprozesse, &hellip; <\/p>\n<p class=\"link-more\"><a href=\"http:\/\/lunatic.de\/WP-Lunatic\/digitalisierung\/\" class=\"more-link\"><span class=\"screen-reader-text\">\u201e3. Digitalisierung\u201c<\/span> weiterlesen<\/a><\/p>\n","protected":false},"author":1,"featured_media":229,"parent":0,"menu_order":3,"comment_status":"closed","ping_status":"closed","template":"","meta":{"footnotes":""},"class_list":["post-158","page","type-page","status-publish","has-post-thumbnail","hentry"],"_links":{"self":[{"href":"http:\/\/lunatic.de\/WP-Lunatic\/wp-json\/wp\/v2\/pages\/158","targetHints":{"allow":["GET"]}}],"collection":[{"href":"http:\/\/lunatic.de\/WP-Lunatic\/wp-json\/wp\/v2\/pages"}],"about":[{"href":"http:\/\/lunatic.de\/WP-Lunatic\/wp-json\/wp\/v2\/types\/page"}],"author":[{"embeddable":true,"href":"http:\/\/lunatic.de\/WP-Lunatic\/wp-json\/wp\/v2\/users\/1"}],"replies":[{"embeddable":true,"href":"http:\/\/lunatic.de\/WP-Lunatic\/wp-json\/wp\/v2\/comments?post=158"}],"version-history":[{"count":4,"href":"http:\/\/lunatic.de\/WP-Lunatic\/wp-json\/wp\/v2\/pages\/158\/revisions"}],"predecessor-version":[{"id":231,"href":"http:\/\/lunatic.de\/WP-Lunatic\/wp-json\/wp\/v2\/pages\/158\/revisions\/231"}],"wp:featuredmedia":[{"embeddable":true,"href":"http:\/\/lunatic.de\/WP-Lunatic\/wp-json\/wp\/v2\/media\/229"}],"wp:attachment":[{"href":"http:\/\/lunatic.de\/WP-Lunatic\/wp-json\/wp\/v2\/media?parent=158"}],"curies":[{"name":"wp","href":"https:\/\/api.w.org\/{rel}","templated":true}]}}