{"id":186,"date":"2019-03-08T18:26:18","date_gmt":"2019-03-08T17:26:18","guid":{"rendered":"http:\/\/lunatic.de\/WP-Lunatic\/?page_id=186"},"modified":"2020-04-21T13:17:16","modified_gmt":"2020-04-21T11:17:16","slug":"angebot","status":"publish","type":"page","link":"http:\/\/lunatic.de\/WP-Lunatic\/angebot\/","title":{"rendered":"Angebot"},"content":{"rendered":"\n<p>Design \u2013 Beratung \u2013 Digitalisierung<br>Lunatic konzipiert, realisiert und optimiert Ihre Digitalisierung. <\/p>\n\n\n\n<p>\u201eWebseite kann heute jeder mit WordPress selber machen\u201c sagt der Volksmund \u2026&nbsp;<br>Wir sagen, \u201eGib dem Spezialisten was des Spezialisten ist\u201c.&nbsp;<br>Und wenn das im Moment Ihr dringendster Bedarf ist, erstellen wir auch Ihre Webseite.<br><\/p>\n\n\n\n<p>Georg Mnich hat mit der bereits 1996 gegr\u00fcndeten LUNATIC zahlreiche Projekte im Bereich Software, Internet und Ausstellung realisiert. Profitieren Sie von der Erfahrung in Gestaltung und Digitalisierung. <br><\/p>\n\n\n\n<p>Erfolgreiche und zukunftsgerichtete Kommunikation ist schon lange nicht mehr statisch. Integrierte Konzepte werden ben\u00f6tigt f\u00fcr st\u00e4ndig wandelnde Anforderungen.<br><\/p>\n\n\n\n<p>Das aktuelle Angebot umfasst Strategieberatung, Konzeption und Designberatung.&nbsp;Agile und klassische Prozessoptimierung. Ganz nach Ihren Bed\u00fcrfnissen.&nbsp;<br><\/p>\n\n\n\n<p>Stichworte: <br>Agil. Wasserfall. Agile Strategy. Scrum. Change Management. Kanban. Design. Design Thinking. <br>Finden Sie Ihre L\u00f6sung &#8211; mit uns.&nbsp;<\/p>\n\n\n\n<figure class=\"wp-block-image is-resized\"><img loading=\"lazy\" decoding=\"async\" src=\"http:\/\/lunatic.de\/WP-Lunatic\/wp-content\/uploads\/2019\/08\/Lunatic-Angebot.jpeg\" alt=\"\" class=\"wp-image-356\" width=\"1400\" height=\"350\" srcset=\"http:\/\/lunatic.de\/WP-Lunatic\/wp-content\/uploads\/2019\/08\/Lunatic-Angebot.jpeg 1400w, http:\/\/lunatic.de\/WP-Lunatic\/wp-content\/uploads\/2019\/08\/Lunatic-Angebot-150x38.jpeg 150w, http:\/\/lunatic.de\/WP-Lunatic\/wp-content\/uploads\/2019\/08\/Lunatic-Angebot-300x75.jpeg 300w, http:\/\/lunatic.de\/WP-Lunatic\/wp-content\/uploads\/2019\/08\/Lunatic-Angebot-768x192.jpeg 768w, http:\/\/lunatic.de\/WP-Lunatic\/wp-content\/uploads\/2019\/08\/Lunatic-Angebot-1280x320.jpeg 1280w\" sizes=\"auto, (max-width: 767px) 89vw, (max-width: 1000px) 54vw, (max-width: 1071px) 543px, 580px\" \/><\/figure>\n","protected":false},"excerpt":{"rendered":"<p>Design \u2013 Beratung \u2013 DigitalisierungLunatic konzipiert, realisiert und optimiert Ihre Digitalisierung. \u201eWebseite kann heute jeder mit WordPress selber machen\u201c sagt der Volksmund \u2026&nbsp;Wir sagen, \u201eGib dem Spezialisten was des Spezialisten ist\u201c.&nbsp;Und wenn das im Moment Ihr dringendster Bedarf ist, erstellen wir auch Ihre Webseite. Georg Mnich hat mit der bereits 1996 gegr\u00fcndeten LUNATIC zahlreiche Projekte &hellip; <\/p>\n<p class=\"link-more\"><a href=\"http:\/\/lunatic.de\/WP-Lunatic\/angebot\/\" class=\"more-link\"><span class=\"screen-reader-text\">\u201eAngebot\u201c<\/span> weiterlesen<\/a><\/p>\n","protected":false},"author":1,"featured_media":323,"parent":0,"menu_order":5,"comment_status":"closed","ping_status":"closed","template":"","meta":{"footnotes":""},"class_list":["post-186","page","type-page","status-publish","has-post-thumbnail","hentry"],"_links":{"self":[{"href":"http:\/\/lunatic.de\/WP-Lunatic\/wp-json\/wp\/v2\/pages\/186","targetHints":{"allow":["GET"]}}],"collection":[{"href":"http:\/\/lunatic.de\/WP-Lunatic\/wp-json\/wp\/v2\/pages"}],"about":[{"href":"http:\/\/lunatic.de\/WP-Lunatic\/wp-json\/wp\/v2\/types\/page"}],"author":[{"embeddable":true,"href":"http:\/\/lunatic.de\/WP-Lunatic\/wp-json\/wp\/v2\/users\/1"}],"replies":[{"embeddable":true,"href":"http:\/\/lunatic.de\/WP-Lunatic\/wp-json\/wp\/v2\/comments?post=186"}],"version-history":[{"count":15,"href":"http:\/\/lunatic.de\/WP-Lunatic\/wp-json\/wp\/v2\/pages\/186\/revisions"}],"predecessor-version":[{"id":359,"href":"http:\/\/lunatic.de\/WP-Lunatic\/wp-json\/wp\/v2\/pages\/186\/revisions\/359"}],"wp:featuredmedia":[{"embeddable":true,"href":"http:\/\/lunatic.de\/WP-Lunatic\/wp-json\/wp\/v2\/media\/323"}],"wp:attachment":[{"href":"http:\/\/lunatic.de\/WP-Lunatic\/wp-json\/wp\/v2\/media?parent=186"}],"curies":[{"name":"wp","href":"https:\/\/api.w.org\/{rel}","templated":true}]}}