{"id":188,"date":"2019-03-08T18:31:01","date_gmt":"2019-03-08T17:31:01","guid":{"rendered":"http:\/\/lunatic.de\/WP-Lunatic\/?page_id=188"},"modified":"2020-04-21T13:17:16","modified_gmt":"2020-04-21T11:17:16","slug":"portfolio","status":"publish","type":"page","link":"http:\/\/lunatic.de\/WP-Lunatic\/portfolio\/","title":{"rendered":"Portfolio"},"content":{"rendered":"\n<p>Hier sehen Sie einige ausgew\u00e4hlte Projekte der vergangenen Jahre.<\/p>\n\n\n\n<div class=\"wp-block-cover has-left-content is-layout-flow wp-block-cover-is-layout-flow\" style=\"background-image:url(http:\/\/lunatic.de\/WP-Lunatic\/wp-content\/uploads\/2017\/09\/0016-werte-01.jpg)\"><p class=\"wp-block-cover-text\"><br><br><br><em>Ausstellung im Landtag NRW<\/em><\/p><\/div>\n\n\n\n<figure class=\"wp-block-image\"><img loading=\"lazy\" decoding=\"async\" width=\"1024\" height=\"196\" src=\"http:\/\/lunatic.de\/WP-Lunatic\/wp-content\/uploads\/2017\/09\/0016-werte-16-1024x196.jpg\" alt=\"Ausstellung im Landtag NRW\" class=\"wp-image-138\" srcset=\"http:\/\/lunatic.de\/WP-Lunatic\/wp-content\/uploads\/2017\/09\/0016-werte-16-1024x196.jpg 1024w, http:\/\/lunatic.de\/WP-Lunatic\/wp-content\/uploads\/2017\/09\/0016-werte-16-150x29.jpg 150w, http:\/\/lunatic.de\/WP-Lunatic\/wp-content\/uploads\/2017\/09\/0016-werte-16-300x57.jpg 300w, http:\/\/lunatic.de\/WP-Lunatic\/wp-content\/uploads\/2017\/09\/0016-werte-16-768x147.jpg 768w, http:\/\/lunatic.de\/WP-Lunatic\/wp-content\/uploads\/2017\/09\/0016-werte-16.jpg 1408w\" sizes=\"auto, (max-width: 767px) 89vw, (max-width: 1000px) 54vw, (max-width: 1071px) 543px, 580px\" \/><figcaption>Ausstellung<em> im <\/em>Landtag<em> <\/em>NRW D\u00fcsseldorf<br><\/figcaption><\/figure>\n\n\n\n<div class=\"wp-block-cover is-layout-flow wp-block-cover-is-layout-flow\" style=\"background-image:url(http:\/\/lunatic.de\/WP-Lunatic\/wp-content\/uploads\/2019\/03\/Werte-Ausstellung-Zeitung_MG.jpg)\"><\/div>\n\n\n\n<p><em>Zeitungsdruck zur Ausstellung im Landtag NRW D\u00fcsseldorf<\/em><\/p>\n\n\n\n<ul class=\"wp-block-gallery columns-2 is-cropped wp-block-gallery-1 is-layout-flex wp-block-gallery-is-layout-flex\"><li class=\"blocks-gallery-item\"><figure><img loading=\"lazy\" decoding=\"async\" width=\"1280\" height=\"896\" src=\"http:\/\/lunatic.de\/WP-Lunatic\/wp-content\/uploads\/2019\/03\/Werte-Ausstellung-Zeitung_VE-1280x896.jpg\" alt=\"Werte-Ausstellung-Zeitung\" data-id=\"261\" data-link=\"http:\/\/lunatic.de\/WP-Lunatic\/werte-ausstellung-zeitung_ve\/\" class=\"wp-image-261\" srcset=\"http:\/\/lunatic.de\/WP-Lunatic\/wp-content\/uploads\/2019\/03\/Werte-Ausstellung-Zeitung_VE-1280x896.jpg 1280w, http:\/\/lunatic.de\/WP-Lunatic\/wp-content\/uploads\/2019\/03\/Werte-Ausstellung-Zeitung_VE-150x105.jpg 150w, http:\/\/lunatic.de\/WP-Lunatic\/wp-content\/uploads\/2019\/03\/Werte-Ausstellung-Zeitung_VE-300x210.jpg 300w, http:\/\/lunatic.de\/WP-Lunatic\/wp-content\/uploads\/2019\/03\/Werte-Ausstellung-Zeitung_VE-768x538.jpg 768w, http:\/\/lunatic.de\/WP-Lunatic\/wp-content\/uploads\/2019\/03\/Werte-Ausstellung-Zeitung_VE.jpg 2000w\" sizes=\"auto, (max-width: 767px) 89vw, (max-width: 1000px) 54vw, (max-width: 1071px) 543px, 580px\" \/><\/figure><\/li><li class=\"blocks-gallery-item\"><figure><img loading=\"lazy\" decoding=\"async\" width=\"1280\" height=\"896\" src=\"http:\/\/lunatic.de\/WP-Lunatic\/wp-content\/uploads\/2019\/03\/Werte-Ausstellung-Zeitung_TR-1280x896.jpg\" alt=\"Werte-Ausstellung-Zeitung\" data-id=\"260\" data-link=\"http:\/\/lunatic.de\/WP-Lunatic\/werte-ausstellung-zeitung_tr\/\" class=\"wp-image-260\" srcset=\"http:\/\/lunatic.de\/WP-Lunatic\/wp-content\/uploads\/2019\/03\/Werte-Ausstellung-Zeitung_TR-1280x896.jpg 1280w, http:\/\/lunatic.de\/WP-Lunatic\/wp-content\/uploads\/2019\/03\/Werte-Ausstellung-Zeitung_TR-150x105.jpg 150w, http:\/\/lunatic.de\/WP-Lunatic\/wp-content\/uploads\/2019\/03\/Werte-Ausstellung-Zeitung_TR-300x210.jpg 300w, http:\/\/lunatic.de\/WP-Lunatic\/wp-content\/uploads\/2019\/03\/Werte-Ausstellung-Zeitung_TR-768x538.jpg 768w, http:\/\/lunatic.de\/WP-Lunatic\/wp-content\/uploads\/2019\/03\/Werte-Ausstellung-Zeitung_TR.jpg 2000w\" sizes=\"auto, (max-width: 767px) 89vw, (max-width: 1000px) 54vw, (max-width: 1071px) 543px, 580px\" \/><\/figure><\/li><\/ul>\n\n\n\n<ul class=\"wp-block-gallery columns-3 is-cropped wp-block-gallery-2 is-layout-flex wp-block-gallery-is-layout-flex\"><li class=\"blocks-gallery-item\"><figure><img loading=\"lazy\" decoding=\"async\" width=\"960\" height=\"1280\" src=\"http:\/\/lunatic.de\/WP-Lunatic\/wp-content\/uploads\/2019\/03\/Werte-Ausstellung-E-960x1280.jpg\" alt=\"Werte-Ausstellung\" data-id=\"269\" data-link=\"http:\/\/lunatic.de\/WP-Lunatic\/olympus-digital-camera-9\/\" class=\"wp-image-269\" srcset=\"http:\/\/lunatic.de\/WP-Lunatic\/wp-content\/uploads\/2019\/03\/Werte-Ausstellung-E-960x1280.jpg 960w, http:\/\/lunatic.de\/WP-Lunatic\/wp-content\/uploads\/2019\/03\/Werte-Ausstellung-E-113x150.jpg 113w, http:\/\/lunatic.de\/WP-Lunatic\/wp-content\/uploads\/2019\/03\/Werte-Ausstellung-E-225x300.jpg 225w, http:\/\/lunatic.de\/WP-Lunatic\/wp-content\/uploads\/2019\/03\/Werte-Ausstellung-E-768x1024.jpg 768w, http:\/\/lunatic.de\/WP-Lunatic\/wp-content\/uploads\/2019\/03\/Werte-Ausstellung-E.jpg 1200w\" sizes=\"auto, (max-width: 767px) 89vw, (max-width: 1000px) 54vw, (max-width: 1071px) 543px, 580px\" \/><\/figure><\/li><li class=\"blocks-gallery-item\"><figure><img loading=\"lazy\" decoding=\"async\" width=\"960\" height=\"1280\" src=\"http:\/\/lunatic.de\/WP-Lunatic\/wp-content\/uploads\/2019\/03\/Werte-Ausstellung-D-960x1280.jpg\" alt=\"Werte-Ausstellung\" data-id=\"268\" data-link=\"http:\/\/lunatic.de\/WP-Lunatic\/olympus-digital-camera-8\/\" class=\"wp-image-268\" srcset=\"http:\/\/lunatic.de\/WP-Lunatic\/wp-content\/uploads\/2019\/03\/Werte-Ausstellung-D-960x1280.jpg 960w, http:\/\/lunatic.de\/WP-Lunatic\/wp-content\/uploads\/2019\/03\/Werte-Ausstellung-D-113x150.jpg 113w, http:\/\/lunatic.de\/WP-Lunatic\/wp-content\/uploads\/2019\/03\/Werte-Ausstellung-D-225x300.jpg 225w, http:\/\/lunatic.de\/WP-Lunatic\/wp-content\/uploads\/2019\/03\/Werte-Ausstellung-D-768x1024.jpg 768w, http:\/\/lunatic.de\/WP-Lunatic\/wp-content\/uploads\/2019\/03\/Werte-Ausstellung-D.jpg 1200w\" sizes=\"auto, (max-width: 767px) 89vw, (max-width: 1000px) 54vw, (max-width: 1071px) 543px, 580px\" \/><\/figure><\/li><li class=\"blocks-gallery-item\"><figure><img loading=\"lazy\" decoding=\"async\" width=\"960\" height=\"1280\" src=\"http:\/\/lunatic.de\/WP-Lunatic\/wp-content\/uploads\/2019\/03\/Werte-Ausstellung-F-960x1280.jpg\" alt=\"Werte-Ausstellung\" data-id=\"266\" data-link=\"http:\/\/lunatic.de\/WP-Lunatic\/olympus-digital-camera-6\/\" class=\"wp-image-266\" srcset=\"http:\/\/lunatic.de\/WP-Lunatic\/wp-content\/uploads\/2019\/03\/Werte-Ausstellung-F-960x1280.jpg 960w, http:\/\/lunatic.de\/WP-Lunatic\/wp-content\/uploads\/2019\/03\/Werte-Ausstellung-F-113x150.jpg 113w, http:\/\/lunatic.de\/WP-Lunatic\/wp-content\/uploads\/2019\/03\/Werte-Ausstellung-F-225x300.jpg 225w, http:\/\/lunatic.de\/WP-Lunatic\/wp-content\/uploads\/2019\/03\/Werte-Ausstellung-F-768x1024.jpg 768w, http:\/\/lunatic.de\/WP-Lunatic\/wp-content\/uploads\/2019\/03\/Werte-Ausstellung-F.jpg 1200w\" sizes=\"auto, (max-width: 767px) 89vw, (max-width: 1000px) 54vw, (max-width: 1071px) 543px, 580px\" \/><\/figure><\/li><\/ul>\n\n\n\n<ul class=\"wp-block-gallery columns-2 is-cropped wp-block-gallery-3 is-layout-flex wp-block-gallery-is-layout-flex\"><li class=\"blocks-gallery-item\"><figure><img loading=\"lazy\" decoding=\"async\" width=\"1280\" height=\"960\" src=\"http:\/\/lunatic.de\/WP-Lunatic\/wp-content\/uploads\/2019\/03\/Werte-Ausstellung-A-1280x960.jpg\" alt=\"Werte-Ausstellung\" data-id=\"270\" data-link=\"http:\/\/lunatic.de\/WP-Lunatic\/olympus-digital-camera-10\/\" class=\"wp-image-270\" srcset=\"http:\/\/lunatic.de\/WP-Lunatic\/wp-content\/uploads\/2019\/03\/Werte-Ausstellung-A-1280x960.jpg 1280w, http:\/\/lunatic.de\/WP-Lunatic\/wp-content\/uploads\/2019\/03\/Werte-Ausstellung-A-150x113.jpg 150w, http:\/\/lunatic.de\/WP-Lunatic\/wp-content\/uploads\/2019\/03\/Werte-Ausstellung-A-300x225.jpg 300w, http:\/\/lunatic.de\/WP-Lunatic\/wp-content\/uploads\/2019\/03\/Werte-Ausstellung-A-768x576.jpg 768w, http:\/\/lunatic.de\/WP-Lunatic\/wp-content\/uploads\/2019\/03\/Werte-Ausstellung-A.jpg 1600w\" sizes=\"auto, (max-width: 767px) 89vw, (max-width: 1000px) 54vw, (max-width: 1071px) 543px, 580px\" \/><\/figure><\/li><li class=\"blocks-gallery-item\"><figure><img loading=\"lazy\" decoding=\"async\" width=\"1280\" height=\"960\" src=\"http:\/\/lunatic.de\/WP-Lunatic\/wp-content\/uploads\/2019\/03\/Werte-Ausstellung-C-1280x960.jpg\" alt=\"Werte-Ausstellung\" data-id=\"271\" data-link=\"http:\/\/lunatic.de\/WP-Lunatic\/werte-ausstellung-c\/\" class=\"wp-image-271\" srcset=\"http:\/\/lunatic.de\/WP-Lunatic\/wp-content\/uploads\/2019\/03\/Werte-Ausstellung-C-1280x960.jpg 1280w, http:\/\/lunatic.de\/WP-Lunatic\/wp-content\/uploads\/2019\/03\/Werte-Ausstellung-C-150x113.jpg 150w, http:\/\/lunatic.de\/WP-Lunatic\/wp-content\/uploads\/2019\/03\/Werte-Ausstellung-C-300x225.jpg 300w, http:\/\/lunatic.de\/WP-Lunatic\/wp-content\/uploads\/2019\/03\/Werte-Ausstellung-C-768x576.jpg 768w, http:\/\/lunatic.de\/WP-Lunatic\/wp-content\/uploads\/2019\/03\/Werte-Ausstellung-C.jpg 1600w\" sizes=\"auto, (max-width: 767px) 89vw, (max-width: 1000px) 54vw, (max-width: 1071px) 543px, 580px\" \/><\/figure><\/li><\/ul>\n\n\n\n<p>Ausstellung Benedikt XVI K\u00f6ln<\/p>\n\n\n\n<ul class=\"wp-block-gallery columns-2 is-cropped wp-block-gallery-4 is-layout-flex wp-block-gallery-is-layout-flex\"><li class=\"blocks-gallery-item\"><figure><img loading=\"lazy\" decoding=\"async\" width=\"1024\" height=\"768\" src=\"http:\/\/lunatic.de\/WP-Lunatic\/wp-content\/uploads\/2017\/09\/0009-Papstausstellung-01-1024x768.jpg\" alt=\"Papstausstellung\" data-id=\"127\" class=\"wp-image-127\" srcset=\"http:\/\/lunatic.de\/WP-Lunatic\/wp-content\/uploads\/2017\/09\/0009-Papstausstellung-01.jpg 1024w, http:\/\/lunatic.de\/WP-Lunatic\/wp-content\/uploads\/2017\/09\/0009-Papstausstellung-01-150x113.jpg 150w, http:\/\/lunatic.de\/WP-Lunatic\/wp-content\/uploads\/2017\/09\/0009-Papstausstellung-01-300x225.jpg 300w, http:\/\/lunatic.de\/WP-Lunatic\/wp-content\/uploads\/2017\/09\/0009-Papstausstellung-01-768x576.jpg 768w\" sizes=\"auto, (max-width: 767px) 89vw, (max-width: 1000px) 54vw, (max-width: 1071px) 543px, 580px\" \/><\/figure><\/li><li class=\"blocks-gallery-item\"><figure><img loading=\"lazy\" decoding=\"async\" width=\"1024\" height=\"768\" src=\"http:\/\/lunatic.de\/WP-Lunatic\/wp-content\/uploads\/2017\/09\/0009-Papstausstellung-04-1024x768.jpg\" alt=\"Papstausstellung\" data-id=\"130\" class=\"wp-image-130\" srcset=\"http:\/\/lunatic.de\/WP-Lunatic\/wp-content\/uploads\/2017\/09\/0009-Papstausstellung-04.jpg 1024w, http:\/\/lunatic.de\/WP-Lunatic\/wp-content\/uploads\/2017\/09\/0009-Papstausstellung-04-150x113.jpg 150w, http:\/\/lunatic.de\/WP-Lunatic\/wp-content\/uploads\/2017\/09\/0009-Papstausstellung-04-300x225.jpg 300w, http:\/\/lunatic.de\/WP-Lunatic\/wp-content\/uploads\/2017\/09\/0009-Papstausstellung-04-768x576.jpg 768w\" sizes=\"auto, (max-width: 767px) 89vw, (max-width: 1000px) 54vw, (max-width: 1071px) 543px, 580px\" \/><\/figure><\/li><\/ul>\n\n\n\n<div class=\"wp-block-cover is-layout-flow wp-block-cover-is-layout-flow\" style=\"background-image:url(http:\/\/lunatic.de\/WP-Lunatic\/wp-content\/uploads\/2017\/09\/0009-Papstausstellung-02.jpg)\"><\/div>\n\n\n\n<div class=\"wp-block-media-text alignwide\"><figure class=\"wp-block-media-text__media\"><img loading=\"lazy\" decoding=\"async\" width=\"1024\" height=\"768\" src=\"http:\/\/lunatic.de\/WP-Lunatic\/wp-content\/uploads\/2017\/09\/0009-Papstausstellung-03-1024x768.jpg\" alt=\"Papstausstellung\" class=\"wp-image-129\" srcset=\"http:\/\/lunatic.de\/WP-Lunatic\/wp-content\/uploads\/2017\/09\/0009-Papstausstellung-03.jpg 1024w, http:\/\/lunatic.de\/WP-Lunatic\/wp-content\/uploads\/2017\/09\/0009-Papstausstellung-03-150x113.jpg 150w, http:\/\/lunatic.de\/WP-Lunatic\/wp-content\/uploads\/2017\/09\/0009-Papstausstellung-03-300x225.jpg 300w, http:\/\/lunatic.de\/WP-Lunatic\/wp-content\/uploads\/2017\/09\/0009-Papstausstellung-03-768x576.jpg 768w\" sizes=\"auto, (max-width: 767px) 89vw, (max-width: 1000px) 54vw, (max-width: 1071px) 543px, 580px\" \/><\/figure><div class=\"wp-block-media-text__content\">\n<p>Ausstellung Benedikt XVI K\u00f6ln<\/p>\n<\/div><\/div>\n\n\n\n<div class=\"wp-block-cover has-left-content is-layout-flow wp-block-cover-is-layout-flow\" style=\"background-image:url(http:\/\/lunatic.de\/WP-Lunatic\/wp-content\/uploads\/2017\/09\/0012-virtual-gallery-03.jpg)\"><p class=\"wp-block-cover-text\"><br><br><br><br><br><br>Virtuelle Galerie<\/p><\/div>\n\n\n\n<ul class=\"wp-block-gallery columns-2 is-cropped wp-block-gallery-5 is-layout-flex wp-block-gallery-is-layout-flex\"><li class=\"blocks-gallery-item\"><figure><img loading=\"lazy\" decoding=\"async\" width=\"1024\" height=\"512\" src=\"http:\/\/lunatic.de\/WP-Lunatic\/wp-content\/uploads\/2017\/09\/0012-virtual-gallery-02-1024x512.jpg\" alt=\"Virtuelle Galerie\" data-id=\"133\" data-link=\"http:\/\/lunatic.de\/WP-Lunatic\/0012-virtual-gallery-02\/\" class=\"wp-image-133\" srcset=\"http:\/\/lunatic.de\/WP-Lunatic\/wp-content\/uploads\/2017\/09\/0012-virtual-gallery-02-1024x512.jpg 1024w, http:\/\/lunatic.de\/WP-Lunatic\/wp-content\/uploads\/2017\/09\/0012-virtual-gallery-02-150x75.jpg 150w, http:\/\/lunatic.de\/WP-Lunatic\/wp-content\/uploads\/2017\/09\/0012-virtual-gallery-02-300x150.jpg 300w, http:\/\/lunatic.de\/WP-Lunatic\/wp-content\/uploads\/2017\/09\/0012-virtual-gallery-02-768x384.jpg 768w, http:\/\/lunatic.de\/WP-Lunatic\/wp-content\/uploads\/2017\/09\/0012-virtual-gallery-02.jpg 1536w\" sizes=\"auto, (max-width: 767px) 89vw, (max-width: 1000px) 54vw, (max-width: 1071px) 543px, 580px\" \/><\/figure><\/li><li class=\"blocks-gallery-item\"><figure><img loading=\"lazy\" decoding=\"async\" width=\"1024\" height=\"640\" src=\"http:\/\/lunatic.de\/WP-Lunatic\/wp-content\/uploads\/2017\/09\/0012-virtual-gallery-06-1024x640.jpg\" alt=\"\" data-id=\"137\" data-link=\"http:\/\/lunatic.de\/WP-Lunatic\/0012-virtual-gallery-06\/\" class=\"wp-image-137\" srcset=\"http:\/\/lunatic.de\/WP-Lunatic\/wp-content\/uploads\/2017\/09\/0012-virtual-gallery-06-1024x640.jpg 1024w, http:\/\/lunatic.de\/WP-Lunatic\/wp-content\/uploads\/2017\/09\/0012-virtual-gallery-06-150x94.jpg 150w, http:\/\/lunatic.de\/WP-Lunatic\/wp-content\/uploads\/2017\/09\/0012-virtual-gallery-06-300x187.jpg 300w, http:\/\/lunatic.de\/WP-Lunatic\/wp-content\/uploads\/2017\/09\/0012-virtual-gallery-06-768x480.jpg 768w, http:\/\/lunatic.de\/WP-Lunatic\/wp-content\/uploads\/2017\/09\/0012-virtual-gallery-06.jpg 1229w\" sizes=\"auto, (max-width: 767px) 89vw, (max-width: 1000px) 54vw, (max-width: 1071px) 543px, 580px\" \/><\/figure><\/li><\/ul>\n\n\n\n<div class=\"wp-block-cover has-left-content is-layout-flow wp-block-cover-is-layout-flow\" style=\"background-image:url(http:\/\/lunatic.de\/WP-Lunatic\/wp-content\/uploads\/2019\/03\/NSN-butterfly.jpg)\"><p class=\"wp-block-cover-text\"><br><br><br><br><br>Messe Nokia Siemens<\/p><\/div>\n\n\n\n<div class=\"wp-block-cover is-layout-flow wp-block-cover-is-layout-flow\" style=\"background-image:url(http:\/\/lunatic.de\/WP-Lunatic\/wp-content\/uploads\/2019\/03\/GSMA-World-Mobile-Conference-Barcelona-001.jpg)\"><\/div>\n\n\n\n<ul class=\"wp-block-gallery columns-2 is-cropped wp-block-gallery-6 is-layout-flex wp-block-gallery-is-layout-flex\"><li class=\"blocks-gallery-item\"><figure><img loading=\"lazy\" decoding=\"async\" width=\"960\" height=\"1280\" src=\"http:\/\/lunatic.de\/WP-Lunatic\/wp-content\/uploads\/2019\/03\/GSMA-World-Mobile-Conference-Barcelona-004-960x1280.jpg\" alt=\"GSMA World Mobile Conference Barcelona\" data-id=\"288\" data-link=\"http:\/\/lunatic.de\/WP-Lunatic\/digital-camera-2\/\" class=\"wp-image-288\" srcset=\"http:\/\/lunatic.de\/WP-Lunatic\/wp-content\/uploads\/2019\/03\/GSMA-World-Mobile-Conference-Barcelona-004-960x1280.jpg 960w, http:\/\/lunatic.de\/WP-Lunatic\/wp-content\/uploads\/2019\/03\/GSMA-World-Mobile-Conference-Barcelona-004-113x150.jpg 113w, http:\/\/lunatic.de\/WP-Lunatic\/wp-content\/uploads\/2019\/03\/GSMA-World-Mobile-Conference-Barcelona-004-225x300.jpg 225w, http:\/\/lunatic.de\/WP-Lunatic\/wp-content\/uploads\/2019\/03\/GSMA-World-Mobile-Conference-Barcelona-004-768x1024.jpg 768w, http:\/\/lunatic.de\/WP-Lunatic\/wp-content\/uploads\/2019\/03\/GSMA-World-Mobile-Conference-Barcelona-004.jpg 1920w\" sizes=\"auto, (max-width: 767px) 89vw, (max-width: 1000px) 54vw, (max-width: 1071px) 543px, 580px\" \/><\/figure><\/li><li class=\"blocks-gallery-item\"><figure><img loading=\"lazy\" decoding=\"async\" width=\"960\" height=\"1280\" src=\"http:\/\/lunatic.de\/WP-Lunatic\/wp-content\/uploads\/2019\/03\/GSMA-World-Mobile-Conference-Barcelona-007-960x1280.jpg\" alt=\"GSMA World Mobile Conference Barcelona-001\" data-id=\"290\" data-link=\"http:\/\/lunatic.de\/WP-Lunatic\/digital-camera-4\/\" class=\"wp-image-290\" srcset=\"http:\/\/lunatic.de\/WP-Lunatic\/wp-content\/uploads\/2019\/03\/GSMA-World-Mobile-Conference-Barcelona-007-960x1280.jpg 960w, http:\/\/lunatic.de\/WP-Lunatic\/wp-content\/uploads\/2019\/03\/GSMA-World-Mobile-Conference-Barcelona-007-113x150.jpg 113w, http:\/\/lunatic.de\/WP-Lunatic\/wp-content\/uploads\/2019\/03\/GSMA-World-Mobile-Conference-Barcelona-007-225x300.jpg 225w, http:\/\/lunatic.de\/WP-Lunatic\/wp-content\/uploads\/2019\/03\/GSMA-World-Mobile-Conference-Barcelona-007-768x1024.jpg 768w, http:\/\/lunatic.de\/WP-Lunatic\/wp-content\/uploads\/2019\/03\/GSMA-World-Mobile-Conference-Barcelona-007.jpg 1920w\" sizes=\"auto, (max-width: 767px) 89vw, (max-width: 1000px) 54vw, (max-width: 1071px) 543px, 580px\" \/><\/figure><\/li><\/ul>\n\n\n\n<p>Nokia Siemens GSMA World Mobile Conference Barcelona<\/p>\n\n\n\n<div class=\"wp-block-cover is-layout-flow wp-block-cover-is-layout-flow\" style=\"background-image:url(http:\/\/lunatic.de\/WP-Lunatic\/wp-content\/uploads\/2019\/03\/GSMA-World-Mobile-Conference-Barcelona-002-1280x960.jpg)\"><\/div>\n\n\n\n<figure class=\"wp-block-image\"><img loading=\"lazy\" decoding=\"async\" width=\"761\" height=\"768\" src=\"http:\/\/lunatic.de\/WP-Lunatic\/wp-content\/uploads\/2019\/03\/0011-nsn-butterfly-01.jpg\" alt=\"\" class=\"wp-image-333\" srcset=\"http:\/\/lunatic.de\/WP-Lunatic\/wp-content\/uploads\/2019\/03\/0011-nsn-butterfly-01.jpg 761w, http:\/\/lunatic.de\/WP-Lunatic\/wp-content\/uploads\/2019\/03\/0011-nsn-butterfly-01-150x150.jpg 150w, http:\/\/lunatic.de\/WP-Lunatic\/wp-content\/uploads\/2019\/03\/0011-nsn-butterfly-01-297x300.jpg 297w, http:\/\/lunatic.de\/WP-Lunatic\/wp-content\/uploads\/2019\/03\/0011-nsn-butterfly-01-100x100.jpg 100w\" sizes=\"auto, (max-width: 706px) 89vw, (max-width: 767px) 82vw, 740px\" \/><\/figure>\n\n\n\n<p>Wenn Sie Fragen zu unseren Projekten haben schreiben Sie eine kurze Nachricht an: <a href=\"mailto:info@lunatic.de\">info@lunatic.de<\/a><\/p>\n","protected":false},"excerpt":{"rendered":"<p>Hier sehen Sie einige ausgew\u00e4hlte Projekte der vergangenen Jahre. Zeitungsdruck zur Ausstellung im Landtag NRW D\u00fcsseldorf Ausstellung Benedikt XVI K\u00f6ln Ausstellung Benedikt XVI K\u00f6ln Nokia Siemens GSMA World Mobile Conference Barcelona Wenn Sie Fragen zu unseren Projekten haben schreiben Sie eine kurze Nachricht an: info@lunatic.de<\/p>\n","protected":false},"author":1,"featured_media":324,"parent":0,"menu_order":6,"comment_status":"closed","ping_status":"closed","template":"","meta":{"footnotes":""},"class_list":["post-188","page","type-page","status-publish","has-post-thumbnail","hentry"],"_links":{"self":[{"href":"http:\/\/lunatic.de\/WP-Lunatic\/wp-json\/wp\/v2\/pages\/188","targetHints":{"allow":["GET"]}}],"collection":[{"href":"http:\/\/lunatic.de\/WP-Lunatic\/wp-json\/wp\/v2\/pages"}],"about":[{"href":"http:\/\/lunatic.de\/WP-Lunatic\/wp-json\/wp\/v2\/types\/page"}],"author":[{"embeddable":true,"href":"http:\/\/lunatic.de\/WP-Lunatic\/wp-json\/wp\/v2\/users\/1"}],"replies":[{"embeddable":true,"href":"http:\/\/lunatic.de\/WP-Lunatic\/wp-json\/wp\/v2\/comments?post=188"}],"version-history":[{"count":49,"href":"http:\/\/lunatic.de\/WP-Lunatic\/wp-json\/wp\/v2\/pages\/188\/revisions"}],"predecessor-version":[{"id":335,"href":"http:\/\/lunatic.de\/WP-Lunatic\/wp-json\/wp\/v2\/pages\/188\/revisions\/335"}],"wp:featuredmedia":[{"embeddable":true,"href":"http:\/\/lunatic.de\/WP-Lunatic\/wp-json\/wp\/v2\/media\/324"}],"wp:attachment":[{"href":"http:\/\/lunatic.de\/WP-Lunatic\/wp-json\/wp\/v2\/media?parent=188"}],"curies":[{"name":"wp","href":"https:\/\/api.w.org\/{rel}","templated":true}]}}